{"id":893,"date":"2022-10-12T15:19:06","date_gmt":"2022-10-12T15:19:06","guid":{"rendered":"https:\/\/hotstonetray.com\/?page_id=893"},"modified":"2023-01-27T10:09:55","modified_gmt":"2023-01-27T10:09:55","slug":"materiali-e-consigli-duso","status":"publish","type":"page","link":"https:\/\/www.hotstonetray.com\/en\/materiali-e-consigli-duso\/","title":{"rendered":"Materiali e consigli d&#8217;uso"},"content":{"rendered":"<div data-elementor-type=\"wp-page\" data-elementor-id=\"893\" class=\"elementor elementor-893\" data-elementor-post-type=\"page\">\n\t\t\t\t\t\t<section class=\"elementor-section elementor-top-section elementor-element elementor-element-4985d3b elementor-section-boxed elementor-section-height-default elementor-section-height-default\" data-id=\"4985d3b\" data-element_type=\"section\" data-e-type=\"section\">\n\t\t\t\t\t\t<div class=\"elementor-container elementor-column-gap-default\">\n\t\t\t\t\t<div class=\"elementor-column elementor-col-100 elementor-top-column elementor-element elementor-element-628b006\" data-id=\"628b006\" data-element_type=\"column\" data-e-type=\"column\">\n\t\t\t<div class=\"elementor-widget-wrap elementor-element-populated\">\n\t\t\t\t\t\t<div class=\"elementor-element elementor-element-c0520fd elementor-widget elementor-widget-heading\" data-id=\"c0520fd\" data-element_type=\"widget\" data-e-type=\"widget\" data-widget_type=\"heading.default\">\n\t\t\t\t<div class=\"elementor-widget-container\">\n\t\t\t\t\t<h2 class=\"elementor-heading-title elementor-size-default\">Wood<\/h2>\t\t\t\t<\/div>\n\t\t\t\t<\/div>\n\t\t\t\t<div class=\"elementor-element elementor-element-8d24905 elementor-widget elementor-widget-text-editor\" data-id=\"8d24905\" data-element_type=\"widget\" data-e-type=\"widget\" data-widget_type=\"text-editor.default\">\n\t\t\t\t<div class=\"elementor-widget-container\">\n\t\t\t\t\t\t\t\t\t<p>\u00a0The beech wood tray is made from a single and solid laminated block and designed using numerical control machines. The tray is composed of several strips joined together. The laminated beech boards are perfectly smooth. It is resistant to bending due to its compactness and elasticity, which makes the wood versatile and suitable for many uses.<\/p>\t\t\t\t\t\t\t\t<\/div>\n\t\t\t\t<\/div>\n\t\t\t\t<div class=\"elementor-element elementor-element-7888e86 elementor-widget elementor-widget-heading\" data-id=\"7888e86\" data-element_type=\"widget\" data-e-type=\"widget\" data-widget_type=\"heading.default\">\n\t\t\t\t<div class=\"elementor-widget-container\">\n\t\t\t\t\t<h2 class=\"elementor-heading-title elementor-size-default\">Steel<\/h2>\t\t\t\t<\/div>\n\t\t\t\t<\/div>\n\t\t\t\t<div class=\"elementor-element elementor-element-68b23f3 elementor-widget elementor-widget-text-editor\" data-id=\"68b23f3\" data-element_type=\"widget\" data-e-type=\"widget\" data-widget_type=\"text-editor.default\">\n\t\t\t\t<div class=\"elementor-widget-container\">\n\t\t\t\t\t\t\t\t\t<p>The 18\/10 welded corners stainless steel trays used by the \"Hot Stone Tray\" feature is its resistance to corrosion and heat.  Suitable for oven or freezer use can be easily cleaned in the dishwasher.<\/p>\t\t\t\t\t\t\t\t<\/div>\n\t\t\t\t<\/div>\n\t\t\t\t<div class=\"elementor-element elementor-element-e3d5b69 elementor-widget elementor-widget-heading\" data-id=\"e3d5b69\" data-element_type=\"widget\" data-e-type=\"widget\" data-widget_type=\"heading.default\">\n\t\t\t\t<div class=\"elementor-widget-container\">\n\t\t\t\t\t<h2 class=\"elementor-heading-title elementor-size-default\">Ceramic<\/h2>\t\t\t\t<\/div>\n\t\t\t\t<\/div>\n\t\t\t\t<div class=\"elementor-element elementor-element-63faeba elementor-widget elementor-widget-text-editor\" data-id=\"63faeba\" data-element_type=\"widget\" data-e-type=\"widget\" data-widget_type=\"text-editor.default\">\n\t\t\t\t<div class=\"elementor-widget-container\">\n\t\t\t\t\t\t\t\t\t<p>\u00a0The ceramic accessories are manufactured by expert craftsmen in the traditional \"Vietri Ceramics\" technique from the Amalfi Coast exclusively for the \"Hot Stone Tray\" brand.  The raw material used is white clay, and for the handmade decorations, non-toxic glazes have been used and tested for \"food safe\" purposes by a certified ceramics laboratory.<\/p>\t\t\t\t\t\t\t\t<\/div>\n\t\t\t\t<\/div>\n\t\t\t\t<div class=\"elementor-element elementor-element-474f7e5 elementor-widget elementor-widget-heading\" data-id=\"474f7e5\" data-element_type=\"widget\" data-e-type=\"widget\" data-widget_type=\"heading.default\">\n\t\t\t\t<div class=\"elementor-widget-container\">\n\t\t\t\t\t<h2 class=\"elementor-heading-title elementor-size-default\">Lava stone<\/h2>\t\t\t\t<\/div>\n\t\t\t\t<\/div>\n\t\t\t\t<div class=\"elementor-element elementor-element-44f1796 elementor-widget elementor-widget-text-editor\" data-id=\"44f1796\" data-element_type=\"widget\" data-e-type=\"widget\" data-widget_type=\"text-editor.default\">\n\t\t\t\t<div class=\"elementor-widget-container\">\n\t\t\t\t\t\t\t\t\t<p>\u00a0The lava stone used in the Hot Stone Tray collection is forged from the magma of the Italian volcanos Etna and Vesuvius. When molten rock erupts and comes into contact with the cool temperature of the air, the solidification process of the lava begins, creating lava stone.  Lava stone is dark in colour with the appearance of a burnt rock. The Lava Stone is excellent for cooking because the stone can accumulate the heat from your oven and release it slowly for an evenly cooked meal.<\/p>\t\t\t\t\t\t\t\t<\/div>\n\t\t\t\t<\/div>\n\t\t\t\t<div class=\"elementor-element elementor-element-fa670de elementor-widget elementor-widget-heading\" data-id=\"fa670de\" data-element_type=\"widget\" data-e-type=\"widget\" data-widget_type=\"heading.default\">\n\t\t\t\t<div class=\"elementor-widget-container\">\n\t\t\t\t\t<h2 class=\"elementor-heading-title elementor-size-default\">Carrara marble<\/h2>\t\t\t\t<\/div>\n\t\t\t\t<\/div>\n\t\t\t\t<div class=\"elementor-element elementor-element-c5dc218 elementor-widget elementor-widget-text-editor\" data-id=\"c5dc218\" data-element_type=\"widget\" data-e-type=\"widget\" data-widget_type=\"text-editor.default\">\n\t\t\t\t<div class=\"elementor-widget-container\">\n\t\t\t\t\t\t\t\t\t<p>\u00a0Extracted from the Apuan Alps, White Carrara marble is considered the Italian marble par excellence. It is characteristically homogenous, with a white to grey ground colour, shining grains and smoky grey veins, which run through the stone. Since ancient times, White Carrara Marble it has been used to realize the greatest and most famous statues and sculptures due to its physical properties. It is also ideal for interior projects such as home facings and decorative accessories such as pizzeria table tops, tables and trays.<\/p>\t\t\t\t\t\t\t\t<\/div>\n\t\t\t\t<\/div>\n\t\t\t\t<div class=\"elementor-element elementor-element-3d8b047 elementor-widget elementor-widget-heading\" data-id=\"3d8b047\" data-element_type=\"widget\" data-e-type=\"widget\" data-widget_type=\"heading.default\">\n\t\t\t\t<div class=\"elementor-widget-container\">\n\t\t\t\t\t<h2 class=\"elementor-heading-title elementor-size-default\">Knife<\/h2>\t\t\t\t<\/div>\n\t\t\t\t<\/div>\n\t\t\t\t<div class=\"elementor-element elementor-element-48a89fe elementor-widget elementor-widget-text-editor\" data-id=\"48a89fe\" data-element_type=\"widget\" data-e-type=\"widget\" data-widget_type=\"text-editor.default\">\n\t\t\t\t<div class=\"elementor-widget-container\">\n\t\t\t\t\t\t\t\t\t<p>A fixed-blade kitchen knife is made of stainless steel to ensure exceptional strength, durability and resistance. The curved shape of the damask blade and the rounded wooden handle will not only give elegance but also an excellent balance for a precision cut.<\/p>\t\t\t\t\t\t\t\t<\/div>\n\t\t\t\t<\/div>\n\t\t\t\t<div class=\"elementor-element elementor-element-665cf2f elementor-widget elementor-widget-heading\" data-id=\"665cf2f\" data-element_type=\"widget\" data-e-type=\"widget\" data-widget_type=\"heading.default\">\n\t\t\t\t<div class=\"elementor-widget-container\">\n\t\t\t\t\t<h2 class=\"elementor-heading-title elementor-size-default\">Kit pizza<\/h2>\t\t\t\t<\/div>\n\t\t\t\t<\/div>\n\t\t\t\t<div class=\"elementor-element elementor-element-676ae41 elementor-widget elementor-widget-text-editor\" data-id=\"676ae41\" data-element_type=\"widget\" data-e-type=\"widget\" data-widget_type=\"text-editor.default\">\n\t\t\t\t<div class=\"elementor-widget-container\">\n\t\t\t\t\t\t\t\t\t<p>The pizza kit is composed of stainless aluminium tools. The Pizza Shovel has an easily resalable wooden handle and it is resistant to mould and breakage. The Pizza Scraper and the Pizza Shovel is useful to separate the dough and cut the pizza into the perfect triangle shapes and to serve it from the stone onto a plate while the pizza is still hot. Lastly, you get a unique and personalised\u00a0apron. The rustic and elegant design of the Pizza Hot Stone kit can flatter any kitchen style.<\/p>\t\t\t\t\t\t\t\t<\/div>\n\t\t\t\t<\/div>\n\t\t\t\t<div class=\"elementor-element elementor-element-da2a7a9 elementor-widget elementor-widget-heading\" data-id=\"da2a7a9\" data-element_type=\"widget\" data-e-type=\"widget\" data-widget_type=\"heading.default\">\n\t\t\t\t<div class=\"elementor-widget-container\">\n\t\t\t\t\t<h2 class=\"elementor-heading-title elementor-size-default\">Gloves<\/h2>\t\t\t\t<\/div>\n\t\t\t\t<\/div>\n\t\t\t\t<div class=\"elementor-element elementor-element-1376779 elementor-widget elementor-widget-text-editor\" data-id=\"1376779\" data-element_type=\"widget\" data-e-type=\"widget\" data-widget_type=\"text-editor.default\">\n\t\t\t\t<div class=\"elementor-widget-container\">\n\t\t\t\t\t\t\t\t\t<p>Heat-resistant gloves made of three different materials to help protect your hand from heat. Silicone to prevent slipping off during use, aramid fibre fabric ensures high heat and cut resistance and polyester cotton for softness.  Our gloves will protect your hand up to 800\u00b0C when handling the hot lava stone, hot plates, bbq, grills, pots and pans.<\/p>\t\t\t\t\t\t\t\t<\/div>\n\t\t\t\t<\/div>\n\t\t\t\t<div class=\"elementor-element elementor-element-9daebb9 elementor-widget elementor-widget-heading\" data-id=\"9daebb9\" data-element_type=\"widget\" data-e-type=\"widget\" data-widget_type=\"heading.default\">\n\t\t\t\t<div class=\"elementor-widget-container\">\n\t\t\t\t\t<h2 class=\"elementor-heading-title elementor-size-default\">Apron<\/h2>\t\t\t\t<\/div>\n\t\t\t\t<\/div>\n\t\t\t\t<div class=\"elementor-element elementor-element-f99ae3f elementor-widget elementor-widget-text-editor\" data-id=\"f99ae3f\" data-element_type=\"widget\" data-e-type=\"widget\" data-widget_type=\"text-editor.default\">\n\t\t\t\t<div class=\"elementor-widget-container\">\n\t\t\t\t\t\t\t\t\t<p>\u00a0A shortcut apron designed to keep you from getting spills and stains on your clothes while cooking.  Comfortable and lightweight features front pockets and is suitable for any size waist.  The hot stone tray's apron is made of cotton and polyester, easy to wash and use again.<\/p>\t\t\t\t\t\t\t\t<\/div>\n\t\t\t\t<\/div>\n\t\t\t\t<div class=\"elementor-element elementor-element-3f34ac1 elementor-widget elementor-widget-heading\" data-id=\"3f34ac1\" data-element_type=\"widget\" data-e-type=\"widget\" data-widget_type=\"heading.default\">\n\t\t\t\t<div class=\"elementor-widget-container\">\n\t\t\t\t\t<h2 class=\"elementor-heading-title elementor-size-default\">Paper placemat<\/h2>\t\t\t\t<\/div>\n\t\t\t\t<\/div>\n\t\t\t\t<div class=\"elementor-element elementor-element-e745106 elementor-widget elementor-widget-text-editor\" data-id=\"e745106\" data-element_type=\"widget\" data-e-type=\"widget\" data-widget_type=\"text-editor.default\">\n\t\t\t\t<div class=\"elementor-widget-container\">\n\t\t\t\t\t\t\t\t\t<p>\u00a0The disposable placemat is made of uncoated paper for food purposes. Designed in the perfect style of the \"HOT STONE TRAY\" brand, it offers a rustic and elegant mise en place. <u>Customizable on large quantity orders.<\/u><\/p>\t\t\t\t\t\t\t\t<\/div>\n\t\t\t\t<\/div>\n\t\t\t\t\t<\/div>\n\t\t<\/div>\n\t\t\t\t\t<\/div>\n\t\t<\/section>\n\t\t\t\t<\/div>","protected":false},"excerpt":{"rendered":"<p>Legno \u00a0Il vassoio in legno di faggio \u00e8 realizzato da un unico blocco lamellare a massello e lavorato a macchina a controllo numerico. Il vassoio \u00e8 quindi composto da pi\u00f9 listelli o lamelle unite tra loro. Le tavole lamellari in faggio sono perfettamente piallate e levigate e donano un effetto visivo di notevole pregio. E\u2019 [&hellip;]<\/p>\n","protected":false},"author":1,"featured_media":0,"parent":0,"menu_order":0,"comment_status":"closed","ping_status":"closed","template":"","meta":{"_acf_changed":false,"footnotes":""},"class_list":["post-893","page","type-page","status-publish","hentry"],"acf":[],"jetpack_sharing_enabled":true,"_links":{"self":[{"href":"https:\/\/www.hotstonetray.com\/en\/wp-json\/wp\/v2\/pages\/893","targetHints":{"allow":["GET"]}}],"collection":[{"href":"https:\/\/www.hotstonetray.com\/en\/wp-json\/wp\/v2\/pages"}],"about":[{"href":"https:\/\/www.hotstonetray.com\/en\/wp-json\/wp\/v2\/types\/page"}],"author":[{"embeddable":true,"href":"https:\/\/www.hotstonetray.com\/en\/wp-json\/wp\/v2\/users\/1"}],"replies":[{"embeddable":true,"href":"https:\/\/www.hotstonetray.com\/en\/wp-json\/wp\/v2\/comments?post=893"}],"version-history":[{"count":14,"href":"https:\/\/www.hotstonetray.com\/en\/wp-json\/wp\/v2\/pages\/893\/revisions"}],"predecessor-version":[{"id":1159,"href":"https:\/\/www.hotstonetray.com\/en\/wp-json\/wp\/v2\/pages\/893\/revisions\/1159"}],"wp:attachment":[{"href":"https:\/\/www.hotstonetray.com\/en\/wp-json\/wp\/v2\/media?parent=893"}],"curies":[{"name":"wp","href":"https:\/\/api.w.org\/{rel}","templated":true}]}}